{"id":401,"date":"2021-11-01T11:30:50","date_gmt":"2021-11-01T11:30:50","guid":{"rendered":"https:\/\/demo.athemes.com\/sydney-main\/?page_id=401"},"modified":"2026-04-11T15:31:16","modified_gmt":"2026-04-11T13:31:16","slug":"about","status":"publish","type":"page","link":"https:\/\/ags44.fr\/index.php\/about\/","title":{"rendered":"Formation professionnelle"},"content":{"rendered":"\t\t<div data-elementor-type=\"wp-page\" data-elementor-id=\"401\" class=\"elementor elementor-401\">\n\t\t\t\t<div class=\"elementor-element elementor-element-c2bb604 e-flex e-con-boxed e-con e-parent\" data-id=\"c2bb604\" data-element_type=\"container\" data-e-type=\"container\">\n\t\t\t\t\t<div class=\"e-con-inner\">\n\t\t\t\t\t\t\t<h2 \n\t\tdata-interaction-id=\"50707b8\" \n\t\tclass=\"e-heading-base\" \n\t\t \n\t\t\n\t>\n\t\n\t\t\t<em id=\"e-mnud0wcc-8x43gy5\">Formations professionnelles<\/em>\n\t\t<\/h2>\n\t\t\t\t\t\t\t\t<p class=\"e-paragraph-base\" data-interaction-id=\"17684a6\"  >\n\t\t\t\t\t\t\t\t\ud83d\udc49 <em id=\"e-mnud0zc1-rk5we04\">D\u00e9veloppez les comp\u00e9tences de vos \u00e9quipes avec une expertise terrain<\/em>\n\t\t\t\t\t<\/p>\n\t\t\t\t\t<\/div>\n\t\t\t\t<\/div>\n\t\t<div class=\"elementor-element elementor-element-da27e66 e-flex e-con-boxed e-con e-parent\" data-id=\"da27e66\" data-element_type=\"container\" data-e-type=\"container\">\n\t\t\t\t\t<div class=\"e-con-inner\">\n\t\t<div class=\"elementor-element elementor-element-b234db2 e-con-full e-flex e-con e-child\" data-id=\"b234db2\" data-element_type=\"container\" data-e-type=\"container\">\n\t\t\t\t\t\t\t<h4 \n\t\tdata-interaction-id=\"914024a\" \n\t\tclass=\"e-heading-base\" \n\t\t \n\t\t\n\t>\n\t\n\t\t\tL'Objectif\n\t\t<\/h4>\n\t\t\t\t\t\t\t\t<p class=\"e-498b8cb-b2a3d79 e-paragraph-base\" data-interaction-id=\"498b8cb\"  >\n\t\t\t\t\t\t\t\t<em id=\"e-mnud1w7i-1nyofzm\">Former vos \u00e9quipes avec une expertise terrain reconnue<\/em>\n\t\t\t\t\t<\/p>\n\t\t\t\t\t\t\t\t<p class=\"e-5ace545-f5c98c9 e-paragraph-base\" data-interaction-id=\"5ace545\"  >\n\t\t\t\t\t\t\t\tAGS44 propose des formations techniques d\u00e9di\u00e9es aux entreprises pour am\u00e9liorer la qualit\u00e9 de pose, la ma\u00eetrise des supports et la performance sur chantier.<br>L\u2019objectif : des \u00e9quipes plus efficaces, des r\u00e9alisations plus fiables.\n\t\t\t\t\t<\/p>\n\t\t\t\t<\/div>\n\t\t<div class=\"elementor-element elementor-element-fd57abe e-con-full e-flex e-con e-child\" data-id=\"fd57abe\" data-element_type=\"container\" data-e-type=\"container\">\n\t\t\t\t\t\t\t<h4 \n\t\tdata-interaction-id=\"3633e12\" \n\t\tclass=\"e-heading-base\" \n\t\t \n\t\t\n\t>\n\t\n\t\t\tL'Approche\n\t\t<\/h4>\n\t\t\t\t\t\t\t\t<p class=\"e-paragraph-base\" data-interaction-id=\"79bf9c8\"  >\n\t\t\t\t\t\t\t\tUne formation issue du terrain\n\t\t\t\t\t<\/p>\n\t\t<div class=\"elementor-element elementor-element-996e638 e-con-full e-flex e-con e-child\" data-id=\"996e638\" data-element_type=\"container\" data-e-type=\"container\">\n\t\t\t\t\t\n<hr class=\"e-divider-base\" data-interaction-id=\"991bf37\"   \/>\n\t\t\t\t\t\t\t\t<p class=\"e-14f4af8-cbd4d3c e-paragraph-base\" data-interaction-id=\"14f4af8\"  >\n\t\t\t\t\t\t\t\tAvec 28 ans d\u2019exp\u00e9rience, nos formations s\u2019appuient sur des situations r\u00e9elles rencontr\u00e9es sur chantier.<br>Un apprentissage concret, directement applicable.\n\t\t\t\t\t<\/p>\n\t\t\t\t<\/div>\n\t\t\t\t<\/div>\n\t\t\t\t\t<\/div>\n\t\t\t\t<\/div>\n\t\t<div class=\"elementor-element elementor-element-3986280 e-flex e-con-boxed e-con e-parent\" data-id=\"3986280\" data-element_type=\"container\" data-e-type=\"container\" data-settings=\"{&quot;background_background&quot;:&quot;classic&quot;}\">\n\t\t\t\t\t<div class=\"e-con-inner\">\n\t\t<div class=\"elementor-element elementor-element-841ef8a e-grid e-con-full e-con e-child\" data-id=\"841ef8a\" data-element_type=\"container\" data-e-type=\"container\">\n\t\t<div class=\"elementor-element elementor-element-9a7f43b e-con-full e-flex e-con e-child\" data-id=\"9a7f43b\" data-element_type=\"container\" data-e-type=\"container\" data-settings=\"{&quot;background_background&quot;:&quot;classic&quot;}\">\n\t\t\t\t\t\t\t<h4 \n\t\tdata-interaction-id=\"6cb9a0d\" \n\t\tclass=\"e-6cb9a0d-349f539 e-heading-base\" \n\t\t \n\t\t\n\t>\n\t\n\t\t\tFormations individualis\u00e9es pour entreprises\n\t\t<\/h4>\n\t\t\t\t<\/div>\n\t\t<div class=\"elementor-element elementor-element-5792b4d e-con-full e-flex e-con e-child\" data-id=\"5792b4d\" data-element_type=\"container\" data-e-type=\"container\" data-settings=\"{&quot;background_background&quot;:&quot;classic&quot;}\">\n\t\t\t\t\t\t\t<h4 \n\t\tdata-interaction-id=\"ec2c61c\" \n\t\tclass=\"e-heading-base\" \n\t\tid=local \n\t\t\n\t>\n\t\n\t\t\tAccompagnement sur mesure selon :&nbsp;\n\t\t<\/h4>\n\t\t\t\t\t\t\t\t<p class=\"e-paragraph-base\" data-interaction-id=\"e4119ca\"  >\n\t\t\t\t\t\t\t\to typologie de chantier <br>o contraintes techniques <br>o niveau des \u00e9quipes\n\t\t\t\t\t<\/p>\n\t\t\t\t<\/div>\n\t\t<div class=\"elementor-element elementor-element-5be28f1 e-con-full e-flex e-con e-child\" data-id=\"5be28f1\" data-element_type=\"container\" data-e-type=\"container\" data-settings=\"{&quot;background_background&quot;:&quot;classic&quot;}\">\n\t\t\t\t\t\t\t<h4 \n\t\tdata-interaction-id=\"e34ed38\" \n\t\tclass=\"e-heading-base\" \n\t\t \n\t\t\n\t>\n\t\n\t\t\tTransmission de savoir-faire bas\u00e9 sur l\u2019exp\u00e9rience r\u00e9elle\n\t\t<\/h4>\n\t\t\t\t<\/div>\n\t\t\t\t<\/div>\n\t\t\t\t\t<\/div>\n\t\t\t\t<\/div>\n\t\t<div class=\"elementor-element elementor-element-32a05fa e-grid e-con-boxed e-con e-parent\" data-id=\"32a05fa\" data-element_type=\"container\" data-e-type=\"container\">\n\t\t\t\t\t<div class=\"e-con-inner\">\n\t\t<div class=\"elementor-element elementor-element-664d6c6 e-con-full e-flex e-con e-child\" data-id=\"664d6c6\" data-element_type=\"container\" data-e-type=\"container\">\n\t\t\t\t\t\t\t<h4 \n\t\tdata-interaction-id=\"1a7367b\" \n\t\tclass=\"e-heading-base\" \n\t\t \n\t\t\n\t>\n\t\n\t\t\tApproche p\u00e9dagogique\n\t\t<\/h4>\n\t\t\t\t\t\t\t\t<p class=\"e-paragraph-base\" data-interaction-id=\"e1fd305\"  >\n\t\t\t\t\t\t\t\tSaisissez ici votre paragraphe\n\t\t\t\t\t<\/p>\n\t\t\t\t<div class=\"elementor-element elementor-element-f121883 elementor-widget elementor-widget-button\" data-id=\"f121883\" data-element_type=\"widget\" data-e-type=\"widget\" data-widget_type=\"button.default\">\n\t\t\t\t\t\t\t\t\t\t<a class=\"elementor-button elementor-button-link elementor-size-sm\" href=\"#\">\n\t\t\t\t\t\t<span class=\"elementor-button-content-wrapper\">\n\t\t\t\t\t\t\t\t\t<span class=\"elementor-button-text\">Cliquez ici<\/span>\n\t\t\t\t\t<\/span>\n\t\t\t\t\t<\/a>\n\t\t\t\t\t\t\t\t<\/div>\n\t\t\t\t<\/div>\n\t\t<div class=\"elementor-element elementor-element-6a723bb e-con-full e-flex e-con e-child\" data-id=\"6a723bb\" data-element_type=\"container\" data-e-type=\"container\">\n\t\t\t\t\t\t\t<h4 \n\t\tdata-interaction-id=\"543e34f\" \n\t\tclass=\"e-heading-base\" \n\t\t \n\t\t\n\t>\n\t\n\t\t\tPose de sols souples \/ PVC\n\t\t<\/h4>\n\t\t\t\t\t\t\t\t<p class=\"e-paragraph-base\" data-interaction-id=\"ca93917\"  >\n\t\t\t\t\t\t\t\t\u2022 Techniques de pose professionnelles<br> \u2022 Optimisation du rendu esth\u00e9tique<br> \u2022 M\u00e9thodes pour garantir la durabilit\u00e9\n\t\t\t\t\t<\/p>\n\t\t\t\t<div class=\"elementor-element elementor-element-7bd5eae elementor-widget elementor-widget-button\" data-id=\"7bd5eae\" data-element_type=\"widget\" data-e-type=\"widget\" data-widget_type=\"button.default\">\n\t\t\t\t\t\t\t\t\t\t<a class=\"elementor-button elementor-button-link elementor-size-sm\" href=\"#\">\n\t\t\t\t\t\t<span class=\"elementor-button-content-wrapper\">\n\t\t\t\t\t\t\t\t\t<span class=\"elementor-button-text\">Cliquez ici<\/span>\n\t\t\t\t\t<\/span>\n\t\t\t\t\t<\/a>\n\t\t\t\t\t\t\t\t<\/div>\n\t\t\t\t<\/div>\n\t\t<div class=\"elementor-element elementor-element-e311a8b e-con-full e-flex e-con e-child\" data-id=\"e311a8b\" data-element_type=\"container\" data-e-type=\"container\">\n\t\t\t\t\t\t\t<h4 \n\t\tdata-interaction-id=\"f980436\" \n\t\tclass=\"e-heading-base\" \n\t\t \n\t\t\n\t>\n\t\n\t\t\tPr\u00e9paration des supports\n\t\t<\/h4>\n\t\t\t\t\t\t\t\t<p class=\"e-paragraph-base\" data-interaction-id=\"013d78c\"  >\n\t\t\t\t\t\t\t\t\u2022 Analyse des supports existants <br>\u2022 Bonnes pratiques pour \u00e9viter les d\u00e9fauts <br>\u2022 Mise \u00e0 niveau technique des \u00e9quipes\n\t\t\t\t\t<\/p>\n\t\t\t\t<div class=\"elementor-element elementor-element-3d583ec elementor-widget elementor-widget-button\" data-id=\"3d583ec\" data-element_type=\"widget\" data-e-type=\"widget\" data-widget_type=\"button.default\">\n\t\t\t\t\t\t\t\t\t\t<a class=\"elementor-button elementor-button-link elementor-size-sm\" href=\"#\">\n\t\t\t\t\t\t<span class=\"elementor-button-content-wrapper\">\n\t\t\t\t\t\t\t\t\t<span class=\"elementor-button-text\">Cliquez ici<\/span>\n\t\t\t\t\t<\/span>\n\t\t\t\t\t<\/a>\n\t\t\t\t\t\t\t\t<\/div>\n\t\t\t\t<\/div>\n\t\t<div class=\"elementor-element elementor-element-4c4e858 e-con-full e-flex e-con e-child\" data-id=\"4c4e858\" data-element_type=\"container\" data-e-type=\"container\">\n\t\t\t\t\t\t\t<h4 \n\t\tdata-interaction-id=\"9d72d84\" \n\t\tclass=\"e-heading-base\" \n\t\t \n\t\t\n\t>\n\t\n\t\t\tRemise \u00e0 niveau professionnelle\n\t\t<\/h4>\n\t\t\t\t\t\t\t\t<p class=\"e-paragraph-base\" data-interaction-id=\"153a1c6\"  >\n\t\t\t\t\t\t\t\t\u2022 Correction des mauvaises habitudes de pose <br>\u2022 Actualisation des techniques et normes<br> \u2022 Am\u00e9lioration de la productivit\u00e9 chantier\n\t\t\t\t\t<\/p>\n\t\t\t\t<div class=\"elementor-element elementor-element-8f06ffb elementor-widget elementor-widget-button\" data-id=\"8f06ffb\" data-element_type=\"widget\" data-e-type=\"widget\" data-widget_type=\"button.default\">\n\t\t\t\t\t\t\t\t\t\t<a class=\"elementor-button elementor-button-link elementor-size-sm\" href=\"#\">\n\t\t\t\t\t\t<span class=\"elementor-button-content-wrapper\">\n\t\t\t\t\t\t\t\t\t<span class=\"elementor-button-text\">Cliquez ici<\/span>\n\t\t\t\t\t<\/span>\n\t\t\t\t\t<\/a>\n\t\t\t\t\t\t\t\t<\/div>\n\t\t\t\t<\/div>\n\t\t\t\t\t<\/div>\n\t\t\t\t<\/div>\n\t\t\t\t<\/div>\n\t\t","protected":false},"excerpt":{"rendered":"<p>Formations professionnelles \ud83d\udc49 D\u00e9veloppez les comp\u00e9tences de vos \u00e9quipes avec une expertise terrain L&rsquo;Objectif Former vos \u00e9quipes avec une expertise terrain reconnue [&hellip;]<\/p>\n","protected":false},"author":1,"featured_media":0,"parent":0,"menu_order":0,"comment_status":"closed","ping_status":"closed","template":"page-templates\/page_front-page.php","meta":{"footnotes":""},"class_list":["post-401","page","type-page","status-publish","hentry"],"_links":{"self":[{"href":"https:\/\/ags44.fr\/index.php\/wp-json\/wp\/v2\/pages\/401","targetHints":{"allow":["GET"]}}],"collection":[{"href":"https:\/\/ags44.fr\/index.php\/wp-json\/wp\/v2\/pages"}],"about":[{"href":"https:\/\/ags44.fr\/index.php\/wp-json\/wp\/v2\/types\/page"}],"author":[{"embeddable":true,"href":"https:\/\/ags44.fr\/index.php\/wp-json\/wp\/v2\/users\/1"}],"replies":[{"embeddable":true,"href":"https:\/\/ags44.fr\/index.php\/wp-json\/wp\/v2\/comments?post=401"}],"version-history":[{"count":6,"href":"https:\/\/ags44.fr\/index.php\/wp-json\/wp\/v2\/pages\/401\/revisions"}],"predecessor-version":[{"id":995,"href":"https:\/\/ags44.fr\/index.php\/wp-json\/wp\/v2\/pages\/401\/revisions\/995"}],"wp:attachment":[{"href":"https:\/\/ags44.fr\/index.php\/wp-json\/wp\/v2\/media?parent=401"}],"curies":[{"name":"wp","href":"https:\/\/api.w.org\/{rel}","templated":true}]}}