{"id":31,"date":"2026-04-11T11:05:35","date_gmt":"2026-04-11T09:05:35","guid":{"rendered":"https:\/\/ags44.fr\/?page_id=31"},"modified":"2026-04-11T19:59:53","modified_gmt":"2026-04-11T17:59:53","slug":"services","status":"publish","type":"page","link":"https:\/\/ags44.fr\/index.php\/services\/","title":{"rendered":"Services"},"content":{"rendered":"\t\t<div data-elementor-type=\"wp-post\" data-elementor-id=\"31\" class=\"elementor elementor-31\">\n\t\t\t\t<div class=\"elementor-element elementor-element-ee07ea0 e-con-full e-flex e-con e-parent\" data-id=\"ee07ea0\" data-element_type=\"container\" data-e-type=\"container\">\n\t\t<div class=\"elementor-element elementor-element-b9ac9e4 e-con-full e-flex e-con e-child\" data-id=\"b9ac9e4\" data-element_type=\"container\" data-e-type=\"container\" id=\"Plan\" data-settings=\"{&quot;background_background&quot;:&quot;classic&quot;}\">\n\t\t<div class=\"elementor-element elementor-element-a636377 e-con-full e-flex e-con e-child\" data-id=\"a636377\" data-element_type=\"container\" data-e-type=\"container\">\n\t\t\t\t<div class=\"elementor-element elementor-element-8135a36 stretch-left elementor-widget elementor-widget-image\" data-id=\"8135a36\" data-element_type=\"widget\" data-e-type=\"widget\" data-widget_type=\"image.default\">\n\t\t\t\t\t\t\t\t\t\t\t\t\t\t\t<img fetchpriority=\"high\" decoding=\"async\" width=\"300\" height=\"252\" src=\"https:\/\/ags44.fr\/wp-content\/uploads\/2021\/10\/Rectangle-594-2-300x252.jpg\" class=\"attachment-medium size-medium wp-image-211\" alt=\"\" srcset=\"https:\/\/ags44.fr\/wp-content\/uploads\/2021\/10\/Rectangle-594-2-300x252.jpg 300w, https:\/\/ags44.fr\/wp-content\/uploads\/2021\/10\/Rectangle-594-2-1024x860.jpg 1024w, https:\/\/ags44.fr\/wp-content\/uploads\/2021\/10\/Rectangle-594-2-768x645.jpg 768w, https:\/\/ags44.fr\/wp-content\/uploads\/2021\/10\/Rectangle-594-2-1000x840.jpg 1000w, https:\/\/ags44.fr\/wp-content\/uploads\/2021\/10\/Rectangle-594-2-230x193.jpg 230w, https:\/\/ags44.fr\/wp-content\/uploads\/2021\/10\/Rectangle-594-2-350x294.jpg 350w, https:\/\/ags44.fr\/wp-content\/uploads\/2021\/10\/Rectangle-594-2-480x403.jpg 480w, https:\/\/ags44.fr\/wp-content\/uploads\/2021\/10\/Rectangle-594-2.jpg 1310w\" sizes=\"(max-width: 300px) 100vw, 300px\" \/>\t\t\t\t\t\t\t\t\t\t\t\t\t\t\t<\/div>\n\t\t\t\t<\/div>\n\t\t<div class=\"elementor-element elementor-element-73ef2c3 e-con-full e-flex e-con e-child\" data-id=\"73ef2c3\" data-element_type=\"container\" data-e-type=\"container\">\n\t\t\t\t\t\n<hr class=\"e-a59464a-a8231a1 e-divider-base\" data-interaction-id=\"a59464a\"   \/>\n\t\t\t\t<div class=\"elementor-element elementor-element-350ec17 elementor-widget elementor-widget-heading\" data-id=\"350ec17\" data-element_type=\"widget\" data-e-type=\"widget\" data-widget_type=\"heading.default\">\n\t\t\t\t\t<h2 class=\"elementor-heading-title elementor-size-default\">Plans sur mesure<\/h2>\t\t\t\t<\/div>\n\t\t\t\t<div class=\"elementor-element elementor-element-a254ab4 elementor-widget elementor-widget-text-editor\" data-id=\"a254ab4\" data-element_type=\"widget\" data-e-type=\"widget\" data-widget_type=\"text-editor.default\">\n\t\t\t\t\t\t\t\t\t<p class=\"MsoNormal\">Chaque projet commence par une analyse technique et esth\u00e9tique.<\/p>\t\t\t\t\t\t\t\t<\/div>\n\t\t\t\t<div class=\"elementor-element elementor-element-1990aca elementor-widget elementor-widget-text-editor\" data-id=\"1990aca\" data-element_type=\"widget\" data-e-type=\"widget\" data-widget_type=\"text-editor.default\">\n\t\t\t\t\t\t\t\t\t<p class=\"MsoNormal\">Cette \u00e9tape permet de concevoir un sol parfaitement adapt\u00e9 :<\/p><ul style=\"margin-top: 0cm;\" type=\"disc\"><li class=\"MsoNormal\">\u00e0 l\u2019usage du lieu<\/li><li class=\"MsoNormal\">aux contraintes techniques<\/li><li class=\"MsoNormal\">au rendu visuel souhait\u00e9.<\/li><\/ul><p data-start=\"1259\" data-end=\"1405\">\u00a0<\/p><p class=\"MsoNormal\">Un plan de calepinage peut \u00eatre r\u00e9alis\u00e9 pour organiser les motifs, textures et couleurs du rev\u00eatement.<\/p>\t\t\t\t\t\t\t\t<\/div>\n\t\t\t\t<\/div>\n\t\t\t\t<\/div>\n\t\t<div class=\"elementor-element elementor-element-87be620 e-con-full e-flex e-con e-child\" data-id=\"87be620\" data-element_type=\"container\" data-e-type=\"container\" id=\"Prepa\" data-settings=\"{&quot;background_background&quot;:&quot;classic&quot;}\">\n\t\t<div class=\"elementor-element elementor-element-11097b9 e-con-full e-flex e-con e-child\" data-id=\"11097b9\" data-element_type=\"container\" data-e-type=\"container\">\n\t\t\t\t\t\n<hr class=\"e-b5feaa3-db263f4 e-divider-base\" data-interaction-id=\"b5feaa3\"   \/>\n\t\t\t\t<div class=\"elementor-element elementor-element-fe79d0c elementor-widget elementor-widget-heading\" data-id=\"fe79d0c\" data-element_type=\"widget\" data-e-type=\"widget\" data-widget_type=\"heading.default\">\n\t\t\t\t\t<h2 class=\"elementor-heading-title elementor-size-default\">Pr\u00e9paration de sol<\/h2>\t\t\t\t<\/div>\n\t\t\t\t<div class=\"elementor-element elementor-element-39d5616 elementor-widget elementor-widget-text-editor\" data-id=\"39d5616\" data-element_type=\"widget\" data-e-type=\"widget\" data-widget_type=\"text-editor.default\">\n\t\t\t\t\t\t\t\t\t<p>La pr\u00e9paration du support est une \u00e9tape essentielle pour garantir la durabilit\u00e9 du rev\u00eatement.<\/p>\t\t\t\t\t\t\t\t<\/div>\n\t\t\t\t<div class=\"elementor-element elementor-element-d6b210e elementor-widget elementor-widget-text-editor\" data-id=\"d6b210e\" data-element_type=\"widget\" data-e-type=\"widget\" data-widget_type=\"text-editor.default\">\n\t\t\t\t\t\t\t\t\t<p>Elle comprend :<\/p><ul><li>diagnostic du support existant<\/li><li>test d\u2019humidit\u00e9<\/li><li>pon\u00e7age et nettoyage<\/li><li>application de primaires d\u2019accrochage<\/li><li>ragr\u00e9age pour obtenir un sol parfaitement plan.<\/li><\/ul>\t\t\t\t\t\t\t\t<\/div>\n\t\t\t\t<\/div>\n\t\t<div class=\"elementor-element elementor-element-68536bc e-con-full e-flex e-con e-child\" data-id=\"68536bc\" data-element_type=\"container\" data-e-type=\"container\">\n\t\t\t\t<div class=\"elementor-element elementor-element-aed0008 stretch-left elementor-widget elementor-widget-image\" data-id=\"aed0008\" data-element_type=\"widget\" data-e-type=\"widget\" data-widget_type=\"image.default\">\n\t\t\t\t\t\t\t\t\t\t\t\t\t\t\t<img fetchpriority=\"high\" decoding=\"async\" width=\"300\" height=\"252\" src=\"https:\/\/ags44.fr\/wp-content\/uploads\/2021\/10\/Rectangle-594-2-300x252.jpg\" class=\"attachment-medium size-medium wp-image-211\" alt=\"\" srcset=\"https:\/\/ags44.fr\/wp-content\/uploads\/2021\/10\/Rectangle-594-2-300x252.jpg 300w, https:\/\/ags44.fr\/wp-content\/uploads\/2021\/10\/Rectangle-594-2-1024x860.jpg 1024w, https:\/\/ags44.fr\/wp-content\/uploads\/2021\/10\/Rectangle-594-2-768x645.jpg 768w, https:\/\/ags44.fr\/wp-content\/uploads\/2021\/10\/Rectangle-594-2-1000x840.jpg 1000w, https:\/\/ags44.fr\/wp-content\/uploads\/2021\/10\/Rectangle-594-2-230x193.jpg 230w, https:\/\/ags44.fr\/wp-content\/uploads\/2021\/10\/Rectangle-594-2-350x294.jpg 350w, https:\/\/ags44.fr\/wp-content\/uploads\/2021\/10\/Rectangle-594-2-480x403.jpg 480w, https:\/\/ags44.fr\/wp-content\/uploads\/2021\/10\/Rectangle-594-2.jpg 1310w\" sizes=\"(max-width: 300px) 100vw, 300px\" \/>\t\t\t\t\t\t\t\t\t\t\t\t\t\t\t<\/div>\n\t\t\t\t<\/div>\n\t\t\t\t<\/div>\n\t\t<div class=\"elementor-element elementor-element-8bbdbe1 e-con-full e-flex e-con e-child\" data-id=\"8bbdbe1\" data-element_type=\"container\" data-e-type=\"container\" id=\"PVC\" data-settings=\"{&quot;background_background&quot;:&quot;classic&quot;}\">\n\t\t<div class=\"elementor-element elementor-element-b9ebce4 e-con-full e-flex e-con e-child\" data-id=\"b9ebce4\" data-element_type=\"container\" data-e-type=\"container\">\n\t\t\t\t<div class=\"elementor-element elementor-element-bb37e6f stretch-left elementor-widget elementor-widget-image\" data-id=\"bb37e6f\" data-element_type=\"widget\" data-e-type=\"widget\" data-widget_type=\"image.default\">\n\t\t\t\t\t\t\t\t\t\t\t\t\t\t\t<img fetchpriority=\"high\" decoding=\"async\" width=\"300\" height=\"252\" src=\"https:\/\/ags44.fr\/wp-content\/uploads\/2021\/10\/Rectangle-594-2-300x252.jpg\" class=\"attachment-medium size-medium wp-image-211\" alt=\"\" srcset=\"https:\/\/ags44.fr\/wp-content\/uploads\/2021\/10\/Rectangle-594-2-300x252.jpg 300w, https:\/\/ags44.fr\/wp-content\/uploads\/2021\/10\/Rectangle-594-2-1024x860.jpg 1024w, https:\/\/ags44.fr\/wp-content\/uploads\/2021\/10\/Rectangle-594-2-768x645.jpg 768w, https:\/\/ags44.fr\/wp-content\/uploads\/2021\/10\/Rectangle-594-2-1000x840.jpg 1000w, https:\/\/ags44.fr\/wp-content\/uploads\/2021\/10\/Rectangle-594-2-230x193.jpg 230w, https:\/\/ags44.fr\/wp-content\/uploads\/2021\/10\/Rectangle-594-2-350x294.jpg 350w, https:\/\/ags44.fr\/wp-content\/uploads\/2021\/10\/Rectangle-594-2-480x403.jpg 480w, https:\/\/ags44.fr\/wp-content\/uploads\/2021\/10\/Rectangle-594-2.jpg 1310w\" sizes=\"(max-width: 300px) 100vw, 300px\" \/>\t\t\t\t\t\t\t\t\t\t\t\t\t\t\t<\/div>\n\t\t\t\t<\/div>\n\t\t<div class=\"elementor-element elementor-element-4d1bbe0 e-con-full e-flex e-con e-child\" data-id=\"4d1bbe0\" data-element_type=\"container\" data-e-type=\"container\">\n\t\t\t\t\t\n<hr class=\"e-3fa9ae0-24c737b e-divider-base\" data-interaction-id=\"3fa9ae0\"   \/>\n\t\t\t\t<div class=\"elementor-element elementor-element-f21017d elementor-widget elementor-widget-heading\" data-id=\"f21017d\" data-element_type=\"widget\" data-e-type=\"widget\" data-widget_type=\"heading.default\">\n\t\t\t\t\t<h2 class=\"elementor-heading-title elementor-size-default\">Sols PVC<\/h2>\t\t\t\t<\/div>\n\t\t\t\t<div class=\"elementor-element elementor-element-a15fd80 elementor-widget elementor-widget-text-editor\" data-id=\"a15fd80\" data-element_type=\"widget\" data-e-type=\"widget\" data-widget_type=\"text-editor.default\">\n\t\t\t\t\t\t\t\t\t<p>Les sols PVC offrent une grande vari\u00e9t\u00e9 de possibilit\u00e9s d\u00e9coratives.<\/p><p>Ils existent en :<\/p><ul><li>lames<\/li><li>dalles<\/li><li>l\u00e9s<\/li><\/ul><p>Ils permettent d\u2019obtenir un sol r\u00e9sistant, esth\u00e9tique et facile d\u2019entretien.<\/p>\t\t\t\t\t\t\t\t<\/div>\n\t\t\t\t<\/div>\n\t\t\t\t<\/div>\n\t\t<div class=\"elementor-element elementor-element-1537e65 e-con-full e-flex e-con e-child\" data-id=\"1537e65\" data-element_type=\"container\" data-e-type=\"container\" id=\"Textiles\" data-settings=\"{&quot;background_background&quot;:&quot;classic&quot;}\">\n\t\t<div class=\"elementor-element elementor-element-e518e91 e-con-full e-flex e-con e-child\" data-id=\"e518e91\" data-element_type=\"container\" data-e-type=\"container\">\n\t\t\t\t\t\n<hr class=\"e-d829694-c027c18 e-divider-base\" data-interaction-id=\"d829694\"   \/>\n\t\t\t\t<div class=\"elementor-element elementor-element-395bd46 elementor-widget elementor-widget-heading\" data-id=\"395bd46\" data-element_type=\"widget\" data-e-type=\"widget\" data-widget_type=\"heading.default\">\n\t\t\t\t\t<h2 class=\"elementor-heading-title elementor-size-default\">Sols textiles<\/h2>\t\t\t\t<\/div>\n\t\t\t\t<div class=\"elementor-element elementor-element-9e81dd1 elementor-widget elementor-widget-text-editor\" data-id=\"9e81dd1\" data-element_type=\"widget\" data-e-type=\"widget\" data-widget_type=\"text-editor.default\">\n\t\t\t\t\t\t\t\t\t<p>Les sols textiles apportent confort de marche, isolation acoustique et esth\u00e9tique.<\/p><p>Ils sont utilis\u00e9s aussi bien dans les espaces r\u00e9sidentiels que professionnels.<\/p>\t\t\t\t\t\t\t\t<\/div>\n\t\t\t\t<\/div>\n\t\t<div class=\"elementor-element elementor-element-530976b e-con-full e-flex e-con e-child\" data-id=\"530976b\" data-element_type=\"container\" data-e-type=\"container\">\n\t\t\t\t<div class=\"elementor-element elementor-element-c7f4b12 stretch-left elementor-widget elementor-widget-image\" data-id=\"c7f4b12\" data-element_type=\"widget\" data-e-type=\"widget\" data-widget_type=\"image.default\">\n\t\t\t\t\t\t\t\t\t\t\t\t\t\t\t<img fetchpriority=\"high\" decoding=\"async\" width=\"300\" height=\"252\" src=\"https:\/\/ags44.fr\/wp-content\/uploads\/2021\/10\/Rectangle-594-2-300x252.jpg\" class=\"attachment-medium size-medium wp-image-211\" alt=\"\" srcset=\"https:\/\/ags44.fr\/wp-content\/uploads\/2021\/10\/Rectangle-594-2-300x252.jpg 300w, https:\/\/ags44.fr\/wp-content\/uploads\/2021\/10\/Rectangle-594-2-1024x860.jpg 1024w, https:\/\/ags44.fr\/wp-content\/uploads\/2021\/10\/Rectangle-594-2-768x645.jpg 768w, https:\/\/ags44.fr\/wp-content\/uploads\/2021\/10\/Rectangle-594-2-1000x840.jpg 1000w, https:\/\/ags44.fr\/wp-content\/uploads\/2021\/10\/Rectangle-594-2-230x193.jpg 230w, https:\/\/ags44.fr\/wp-content\/uploads\/2021\/10\/Rectangle-594-2-350x294.jpg 350w, https:\/\/ags44.fr\/wp-content\/uploads\/2021\/10\/Rectangle-594-2-480x403.jpg 480w, https:\/\/ags44.fr\/wp-content\/uploads\/2021\/10\/Rectangle-594-2.jpg 1310w\" sizes=\"(max-width: 300px) 100vw, 300px\" \/>\t\t\t\t\t\t\t\t\t\t\t\t\t\t\t<\/div>\n\t\t\t\t<\/div>\n\t\t\t\t<\/div>\n\t\t<div class=\"elementor-element elementor-element-b983d52 e-con-full e-flex e-con e-child\" data-id=\"b983d52\" data-element_type=\"container\" data-e-type=\"container\" data-settings=\"{&quot;background_background&quot;:&quot;classic&quot;}\">\n\t\t<div class=\"elementor-element elementor-element-af21e43 e-con-full e-flex e-con e-child\" data-id=\"af21e43\" data-element_type=\"container\" data-e-type=\"container\" id=\"Parquets\">\n\t\t\t\t<div class=\"elementor-element elementor-element-fd46483 stretch-left elementor-widget elementor-widget-image\" data-id=\"fd46483\" data-element_type=\"widget\" data-e-type=\"widget\" data-widget_type=\"image.default\">\n\t\t\t\t\t\t\t\t\t\t\t\t\t\t\t<img fetchpriority=\"high\" decoding=\"async\" width=\"300\" height=\"252\" src=\"https:\/\/ags44.fr\/wp-content\/uploads\/2021\/10\/Rectangle-594-2-300x252.jpg\" class=\"attachment-medium size-medium wp-image-211\" alt=\"\" srcset=\"https:\/\/ags44.fr\/wp-content\/uploads\/2021\/10\/Rectangle-594-2-300x252.jpg 300w, https:\/\/ags44.fr\/wp-content\/uploads\/2021\/10\/Rectangle-594-2-1024x860.jpg 1024w, https:\/\/ags44.fr\/wp-content\/uploads\/2021\/10\/Rectangle-594-2-768x645.jpg 768w, https:\/\/ags44.fr\/wp-content\/uploads\/2021\/10\/Rectangle-594-2-1000x840.jpg 1000w, https:\/\/ags44.fr\/wp-content\/uploads\/2021\/10\/Rectangle-594-2-230x193.jpg 230w, https:\/\/ags44.fr\/wp-content\/uploads\/2021\/10\/Rectangle-594-2-350x294.jpg 350w, https:\/\/ags44.fr\/wp-content\/uploads\/2021\/10\/Rectangle-594-2-480x403.jpg 480w, https:\/\/ags44.fr\/wp-content\/uploads\/2021\/10\/Rectangle-594-2.jpg 1310w\" sizes=\"(max-width: 300px) 100vw, 300px\" \/>\t\t\t\t\t\t\t\t\t\t\t\t\t\t\t<\/div>\n\t\t\t\t<\/div>\n\t\t<div class=\"elementor-element elementor-element-b511eb2 e-con-full e-flex e-con e-child\" data-id=\"b511eb2\" data-element_type=\"container\" data-e-type=\"container\">\n\t\t\t\t\t\n<hr class=\"e-fb8e7be-d32410e e-divider-base\" data-interaction-id=\"fb8e7be\"   \/>\n\t\t\t\t<div class=\"elementor-element elementor-element-63bde3a elementor-widget elementor-widget-heading\" data-id=\"63bde3a\" data-element_type=\"widget\" data-e-type=\"widget\" data-widget_type=\"heading.default\">\n\t\t\t\t\t<h2 class=\"elementor-heading-title elementor-size-default\">Parquets<\/h2>\t\t\t\t<\/div>\n\t\t\t\t<div class=\"elementor-element elementor-element-9869fb0 elementor-widget elementor-widget-text-editor\" data-id=\"9869fb0\" data-element_type=\"widget\" data-e-type=\"widget\" data-widget_type=\"text-editor.default\">\n\t\t\t\t\t\t\t\t\t<p>AGS44 r\u00e9alise la pose de diff\u00e9rents types de parquets :<\/p><ul><li>parquet massif<\/li><li>parquet contrecoll\u00e9<\/li><li>parquet flottant<\/li><\/ul><p>Chaque pose est adapt\u00e9e aux contraintes techniques du chantier pour garantir la durabilit\u00e9 du sol.<\/p>\t\t\t\t\t\t\t\t<\/div>\n\t\t\t\t<\/div>\n\t\t\t\t<\/div>\n\t\t\t\t<\/div>\n\t\t\t\t<\/div>\n\t\t","protected":false},"excerpt":{"rendered":"<p>Plans sur mesure Chaque projet commence par une analyse technique et esth\u00e9tique. Cette \u00e9tape permet de concevoir un sol parfaitement adapt\u00e9 : [&hellip;]<\/p>\n","protected":false},"author":1,"featured_media":0,"parent":0,"menu_order":0,"comment_status":"closed","ping_status":"closed","template":"page-templates\/page_front-page.php","meta":{"footnotes":""},"class_list":["post-31","page","type-page","status-publish","hentry"],"_links":{"self":[{"href":"https:\/\/ags44.fr\/index.php\/wp-json\/wp\/v2\/pages\/31","targetHints":{"allow":["GET"]}}],"collection":[{"href":"https:\/\/ags44.fr\/index.php\/wp-json\/wp\/v2\/pages"}],"about":[{"href":"https:\/\/ags44.fr\/index.php\/wp-json\/wp\/v2\/types\/page"}],"author":[{"embeddable":true,"href":"https:\/\/ags44.fr\/index.php\/wp-json\/wp\/v2\/users\/1"}],"replies":[{"embeddable":true,"href":"https:\/\/ags44.fr\/index.php\/wp-json\/wp\/v2\/comments?post=31"}],"version-history":[{"count":25,"href":"https:\/\/ags44.fr\/index.php\/wp-json\/wp\/v2\/pages\/31\/revisions"}],"predecessor-version":[{"id":1059,"href":"https:\/\/ags44.fr\/index.php\/wp-json\/wp\/v2\/pages\/31\/revisions\/1059"}],"wp:attachment":[{"href":"https:\/\/ags44.fr\/index.php\/wp-json\/wp\/v2\/media?parent=31"}],"curies":[{"name":"wp","href":"https:\/\/api.w.org\/{rel}","templated":true}]}}